{"id":1548,"date":"2020-11-29T08:00:05","date_gmt":"2020-11-29T07:00:05","guid":{"rendered":"https:\/\/top-ten.com.pl\/konfekcjonowanie-okuc\/"},"modified":"2024-03-26T12:49:48","modified_gmt":"2024-03-26T11:49:48","slug":"services","status":"publish","type":"page","link":"https:\/\/top-ten.com.pl\/en\/services\/","title":{"rendered":"Services"},"content":{"rendered":"<p>[et_pb_section fb_built=&#8221;1&#8243; next_background_color=&#8221;#ffffff&#8221; admin_label=&#8221;Hero Section&#8221; _builder_version=&#8221;4.18.0&#8243; background_enable_color=&#8221;off&#8221; use_background_color_gradient=&#8221;on&#8221; background_color_gradient_direction=&#8221;91deg&#8221; background_color_gradient_stops=&#8221;#fec839 0%|#ffd45e 50%&#8221; background_image=&#8221;https:\/\/top-ten.com.pl\/wp-content\/uploads\/2022\/09\/bg5-1.webp&#8221; background_size=&#8221;initial&#8221; background_position=&#8221;center_right&#8221; background_blend=&#8221;luminosity&#8221; custom_padding=&#8221;||118px||false|false&#8221; bottom_divider_style=&#8221;asymmetric2&#8243; bottom_divider_height_tablet=&#8221;40px&#8221; bottom_divider_height_phone=&#8221;25px&#8221; bottom_divider_height_last_edited=&#8221;on|tablet&#8221; background_last_edited=&#8221;on|phone&#8221; background_enable_image_phone=&#8221;off&#8221; background_size_tablet=&#8221;contain&#8221; background_horizontal_offset_tablet=&#8221;-24%&#8221; locked=&#8221;off&#8221; global_colors_info=&#8221;{}&#8221;][et_pb_row column_structure=&#8221;1_2,1_2&#8243; make_equal=&#8221;on&#8221; module_class=&#8221;inline-buttons-row&#8221; _builder_version=&#8221;4.18.0&#8243; max_width=&#8221;100%&#8221; custom_css_main_element=&#8221;display:flex;||flex-wrap:wrap;&#8221; global_colors_info=&#8221;{}&#8221;][et_pb_column type=&#8221;1_2&#8243; _builder_version=&#8221;4.16&#8243; global_colors_info=&#8221;{}&#8221; custom_css_main_element_last_edited=&#8221;on|tablet&#8221; custom_css_main_element_tablet=&#8221;order:2;&#8221; custom_css_main_element_phone=&#8221;order:2;&#8221;][et_pb_text _builder_version=&#8221;4.24.2&#8243; text_text_color=&#8221;#372C1E&#8221; header_font=&#8221;|700||on|||||&#8221; header_text_color=&#8221;#372C1E&#8221; header_font_size=&#8221;14px&#8221; header_line_height=&#8221;1.4em&#8221; header_2_font=&#8221;|800|||||||&#8221; header_2_text_color=&#8221;#372C1E&#8221; header_2_font_size=&#8221;2vw&#8221; header_2_line_height=&#8221;1.4em&#8221; header_5_font=&#8221;|700||on|||||&#8221; header_5_text_color=&#8221;#372C1E&#8221; header_5_font_size=&#8221;14px&#8221; width=&#8221;100%&#8221; width_tablet=&#8221;80%&#8221; width_phone=&#8221;100%&#8221; width_last_edited=&#8221;on|desktop&#8221; hover_enabled=&#8221;0&#8243; header_font_size_tablet=&#8221;25px&#8221; header_font_size_phone=&#8221;&#8221; header_font_size_last_edited=&#8221;on|phone&#8221; header_2_font_size_tablet=&#8221;24px&#8221; header_2_font_size_phone=&#8221;20px&#8221; header_2_font_size_last_edited=&#8221;on|tablet&#8221; global_colors_info=&#8221;{}&#8221; sticky_enabled=&#8221;0&#8243;]<\/p>\n<h1>Services<\/h1>\n<h2>Packing and packaging of furniture hardware items<\/h2>\n<p>Our speciality is to prepare ready-to-use sets of demountable furniture hardware<br \/>items that are packed according to our customers requirements.<\/p>\n<p>[\/et_pb_text][et_pb_button button_url=&#8221;\/kontakt&#8221; button_text=&#8221;Contact with the company&#8221; _builder_version=&#8221;4.24.2&#8243; _module_preset=&#8221;1d9393ff-2d90-4c18-bac4-cc53f3441be0&#8243; global_colors_info=&#8221;{}&#8221;][\/et_pb_button][\/et_pb_column][et_pb_column type=&#8221;1_2&#8243; _builder_version=&#8221;4.16&#8243; global_colors_info=&#8221;{}&#8221; custom_css_main_element_tablet=&#8221;order:1;&#8221; custom_css_main_element_last_edited=&#8221;on|tablet&#8221; custom_css_main_element_phone=&#8221;order:1;&#8221;][\/et_pb_column][\/et_pb_row][\/et_pb_section][et_pb_section fb_built=&#8221;1&#8243; custom_padding_last_edited=&#8221;on|phone&#8221; _builder_version=&#8221;4.18.0&#8243; _module_preset=&#8221;default&#8221; custom_padding=&#8221;40px|||||&#8221; custom_padding_tablet=&#8221;||0px||false|false&#8221; custom_padding_phone=&#8221;||0px||false|false&#8221; global_colors_info=&#8221;{}&#8221;][et_pb_row column_structure=&#8221;1_2,1_2&#8243; make_equal=&#8221;on&#8221; _builder_version=&#8221;4.16&#8243; _module_preset=&#8221;default&#8221; custom_padding=&#8221;0px||20px||false|false&#8221; global_colors_info=&#8221;{}&#8221;][et_pb_column type=&#8221;1_2&#8243; _builder_version=&#8221;4.16&#8243; _module_preset=&#8221;default&#8221; global_colors_info=&#8221;{}&#8221;][et_pb_text _builder_version=&#8221;4.24.2&#8243; _module_preset=&#8221;default&#8221; text_font_size=&#8221;15px&#8221; text_line_height=&#8221;1.8em&#8221; header_2_font=&#8221;|700|||||||&#8221; header_2_font_size=&#8221;30px&#8221; header_2_line_height=&#8221;1.4em&#8221; header_3_font=&#8221;|700|||||||&#8221; header_3_font_size=&#8221;24px&#8221; header_3_line_height=&#8221;1.4em&#8221; hover_enabled=&#8221;0&#8243; header_2_font_size_tablet=&#8221;30px&#8221; header_2_font_size_phone=&#8221;22px&#8221; header_2_font_size_last_edited=&#8221;on|phone&#8221; header_3_font_size_tablet=&#8221;&#8221; header_3_font_size_phone=&#8221;22px&#8221; header_3_font_size_last_edited=&#8221;on|phone&#8221; global_colors_info=&#8221;{}&#8221; sticky_enabled=&#8221;0&#8243;]<\/p>\n<h3><span style=\"color: #c59b2c;\">Furniture hardware<\/span> item sets tailored to the customers needs<\/h3>\n<p>Company TOP TEN Sp. z o.o. prepares ready-to-use sets of hardware items from both its own and customer-provided materials. The sets that we manufacture in our production facilities are precisely tailored to the customers needs and requirements.<\/p>\n<p>They can be freely configured and packed in plastic bags, cardboard boxes or any other packaging required by the customer. The sets can be marketed with any label or identified otherwise according to the customers recommendations.<\/p>\n<p>[\/et_pb_text][\/et_pb_column][et_pb_column type=&#8221;1_2&#8243; _builder_version=&#8221;4.18.0&#8243; _module_preset=&#8221;default&#8221; global_colors_info=&#8221;{}&#8221;][et_pb_image src=&#8221;https:\/\/top-ten.com.pl\/wp-content\/uploads\/2022\/10\/pakowanie-okuc.webp&#8221; alt=&#8221;Pakowanie oku\u0107 meblowych&#8221; title_text=&#8221;Pakowanie oku\u0107 meblowych&#8221; _builder_version=&#8221;4.18.0&#8243; _module_preset=&#8221;default&#8221; custom_padding_tablet=&#8221;80px||||false|false&#8221; custom_padding_phone=&#8221;80px||||false|false&#8221; custom_padding_last_edited=&#8221;on|tablet&#8221; global_colors_info=&#8221;{}&#8221;][\/et_pb_image][\/et_pb_column][\/et_pb_row][et_pb_row column_structure=&#8221;1_2,1_2&#8243; make_equal=&#8221;on&#8221; _builder_version=&#8221;4.18.0&#8243; _module_preset=&#8221;default&#8221; custom_padding=&#8221;40px||||false|false&#8221; custom_css_main_element=&#8221;display:flex;||flex-wrap:wrap;&#8221; global_colors_info=&#8221;{}&#8221;][et_pb_column type=&#8221;1_2&#8243; _builder_version=&#8221;4.16&#8243; _module_preset=&#8221;default&#8221; global_colors_info=&#8221;{}&#8221; custom_css_main_element_last_edited=&#8221;on|tablet&#8221; custom_css_main_element_tablet=&#8221;order:2;&#8221; custom_css_main_element_phone=&#8221;order:2;&#8221;][et_pb_image src=&#8221;https:\/\/top-ten.com.pl\/wp-content\/uploads\/2022\/10\/konfekcjonowanie.webp&#8221; alt=&#8221;Konfekcjonowanie oku\u0107 meblowych&#8221; title_text=&#8221;Konfekcjonowanie oku\u0107 meblowych&#8221; _builder_version=&#8221;4.18.0&#8243; _module_preset=&#8221;default&#8221; custom_padding_tablet=&#8221;50px||||false|false&#8221; custom_padding_phone=&#8221;50px||||false|false&#8221; custom_padding_last_edited=&#8221;on|phone&#8221; global_colors_info=&#8221;{}&#8221;][\/et_pb_image][\/et_pb_column][et_pb_column type=&#8221;1_2&#8243; _builder_version=&#8221;4.16&#8243; _module_preset=&#8221;default&#8221; global_colors_info=&#8221;{}&#8221; custom_css_main_element_tablet=&#8221;order:1;&#8221; custom_css_main_element_last_edited=&#8221;on|tablet&#8221; custom_css_main_element_phone=&#8221;order:1;&#8221;][et_pb_text _builder_version=&#8221;4.24.2&#8243; _module_preset=&#8221;default&#8221; text_line_height=&#8221;1.8em&#8221; header_2_font=&#8221;|700|||||||&#8221; header_2_font_size=&#8221;30px&#8221; header_2_line_height=&#8221;1.4em&#8221; header_3_font=&#8221;|700|||||||&#8221; header_3_font_size=&#8221;24px&#8221; header_3_line_height=&#8221;1.4em&#8221; custom_margin_tablet=&#8221;&#8221; custom_margin_phone=&#8221;10px||||false|false&#8221; custom_margin_last_edited=&#8221;on|phone&#8221; hover_enabled=&#8221;0&#8243; header_2_font_size_tablet=&#8221;30px&#8221; header_2_font_size_phone=&#8221;22px&#8221; header_2_font_size_last_edited=&#8221;on|phone&#8221; header_3_font_size_tablet=&#8221;&#8221; header_3_font_size_phone=&#8221;22px&#8221; header_3_font_size_last_edited=&#8221;on|phone&#8221; global_colors_info=&#8221;{}&#8221; sticky_enabled=&#8221;0&#8243;]<\/p>\n<h2><span style=\"color: #c59b2c;\">Packing<\/span> of furniture hardware items<\/h2>\n<p>Packing is carried out both manually and automatically, and thanks to the introduction of new, innovative solutions, the company is able to meet almost all requirements of furniture manufacturers.<\/p>\n<p>The customers of TOP TEN include furniture factories in Poland and abroad, mainly in Germany and Sweden, and the company is committed to continuously expanding its range of products and providing services at the highest level.<\/p>\n<p>[\/et_pb_text][\/et_pb_column][\/et_pb_row][et_pb_row _builder_version=&#8221;4.18.0&#8243; _module_preset=&#8221;default&#8221; width_tablet=&#8221;100%&#8221; width_phone=&#8221;100%&#8221; width_last_edited=&#8221;on|phone&#8221; custom_padding=&#8221;||0px|||&#8221; global_colors_info=&#8221;{}&#8221;][et_pb_column type=&#8221;4_4&#8243; _builder_version=&#8221;4.18.0&#8243; _module_preset=&#8221;default&#8221; global_colors_info=&#8221;{}&#8221;][et_pb_video src=&#8221;https:\/\/www.youtube.com\/watch?v=74GS8UNsX3M&#8221; _builder_version=&#8221;4.18.0&#8243; _module_preset=&#8221;default&#8221; global_colors_info=&#8221;{}&#8221;][\/et_pb_video][\/et_pb_column][\/et_pb_row][\/et_pb_section]<\/p>\n","protected":false},"excerpt":{"rendered":"<p>Services Packing and packaging of furniture hardware items Our speciality is to prepare ready-to-use sets of demountable furniture hardwareitems that are packed according to our customers requirements.Furniture hardware item sets tailored to the customers needs Company TOP TEN Sp. z o.o. prepares ready-to-use sets of hardware items from both its own and customer-provided materials. The [&hellip;]<\/p>\n","protected":false},"author":1,"featured_media":0,"parent":0,"menu_order":0,"comment_status":"closed","ping_status":"closed","template":"","meta":{"_et_pb_use_builder":"on","_et_pb_old_content":"","_et_gb_content_width":"","footnotes":""},"class_list":["post-1548","page","type-page","status-publish","hentry"],"yoast_head":"<!-- This site is optimized with the Yoast SEO plugin v25.8 - https:\/\/yoast.com\/wordpress\/plugins\/seo\/ -->\n<title>Konfekcjonowanie oku\u0107 meblowych - Top Ten Sp. z o.o<\/title>\n<meta name=\"description\" content=\"Pakowanie i konfekcjonowanie oku\u0107 meblowych. Nasz\u0105 specjalno\u015bci\u0105 jest przygotowywanie gotowych zestaw\u00f3w oku\u0107 do mebli demontowanych.\" \/>\n<meta name=\"robots\" content=\"index, follow, max-snippet:-1, max-image-preview:large, max-video-preview:-1\" \/>\n<link rel=\"canonical\" href=\"https:\/\/top-ten.com.pl\/en\/services\/\" \/>\n<meta property=\"og:locale\" content=\"en_US\" \/>\n<meta property=\"og:type\" content=\"article\" \/>\n<meta property=\"og:title\" content=\"Konfekcjonowanie oku\u0107 meblowych - Top Ten Sp. z o.o\" \/>\n<meta property=\"og:description\" content=\"Pakowanie i konfekcjonowanie oku\u0107 meblowych. Nasz\u0105 specjalno\u015bci\u0105 jest przygotowywanie gotowych zestaw\u00f3w oku\u0107 do mebli demontowanych.\" \/>\n<meta property=\"og:url\" content=\"https:\/\/top-ten.com.pl\/en\/services\/\" \/>\n<meta property=\"og:site_name\" content=\"TopTen Sp. z o.o.\" \/>\n<meta property=\"article:modified_time\" content=\"2024-03-26T11:49:48+00:00\" \/>\n<meta name=\"twitter:card\" content=\"summary_large_image\" \/>\n<meta name=\"twitter:label1\" content=\"Est. reading time\" \/>\n\t<meta name=\"twitter:data1\" content=\"2 minutes\" \/>\n<script type=\"application\/ld+json\" class=\"yoast-schema-graph\">{\"@context\":\"https:\/\/schema.org\",\"@graph\":[{\"@type\":\"WebPage\",\"@id\":\"https:\/\/top-ten.com.pl\/en\/services\/\",\"url\":\"https:\/\/top-ten.com.pl\/en\/services\/\",\"name\":\"Konfekcjonowanie oku\u0107 meblowych - Top Ten Sp. z o.o\",\"isPartOf\":{\"@id\":\"https:\/\/top-ten.com.pl\/en\/#website\"},\"datePublished\":\"2020-11-29T07:00:05+00:00\",\"dateModified\":\"2024-03-26T11:49:48+00:00\",\"description\":\"Pakowanie i konfekcjonowanie oku\u0107 meblowych. Nasz\u0105 specjalno\u015bci\u0105 jest przygotowywanie gotowych zestaw\u00f3w oku\u0107 do mebli demontowanych.\",\"breadcrumb\":{\"@id\":\"https:\/\/top-ten.com.pl\/en\/services\/#breadcrumb\"},\"inLanguage\":\"en-US\",\"potentialAction\":[{\"@type\":\"ReadAction\",\"target\":[\"https:\/\/top-ten.com.pl\/en\/services\/\"]}]},{\"@type\":\"BreadcrumbList\",\"@id\":\"https:\/\/top-ten.com.pl\/en\/services\/#breadcrumb\",\"itemListElement\":[{\"@type\":\"ListItem\",\"position\":1,\"name\":\"Strona g\u0142\u00f3wna\",\"item\":\"https:\/\/top-ten.com.pl\/en\/\"},{\"@type\":\"ListItem\",\"position\":2,\"name\":\"Services\"}]},{\"@type\":\"WebSite\",\"@id\":\"https:\/\/top-ten.com.pl\/en\/#website\",\"url\":\"https:\/\/top-ten.com.pl\/en\/\",\"name\":\"TopTen Sp. z o.o.\",\"description\":\"\",\"potentialAction\":[{\"@type\":\"SearchAction\",\"target\":{\"@type\":\"EntryPoint\",\"urlTemplate\":\"https:\/\/top-ten.com.pl\/en\/?s={search_term_string}\"},\"query-input\":{\"@type\":\"PropertyValueSpecification\",\"valueRequired\":true,\"valueName\":\"search_term_string\"}}],\"inLanguage\":\"en-US\"}]}<\/script>\n<!-- \/ Yoast SEO plugin. -->","yoast_head_json":{"title":"Konfekcjonowanie oku\u0107 meblowych - Top Ten Sp. z o.o","description":"Pakowanie i konfekcjonowanie oku\u0107 meblowych. Nasz\u0105 specjalno\u015bci\u0105 jest przygotowywanie gotowych zestaw\u00f3w oku\u0107 do mebli demontowanych.","robots":{"index":"index","follow":"follow","max-snippet":"max-snippet:-1","max-image-preview":"max-image-preview:large","max-video-preview":"max-video-preview:-1"},"canonical":"https:\/\/top-ten.com.pl\/en\/services\/","og_locale":"en_US","og_type":"article","og_title":"Konfekcjonowanie oku\u0107 meblowych - Top Ten Sp. z o.o","og_description":"Pakowanie i konfekcjonowanie oku\u0107 meblowych. Nasz\u0105 specjalno\u015bci\u0105 jest przygotowywanie gotowych zestaw\u00f3w oku\u0107 do mebli demontowanych.","og_url":"https:\/\/top-ten.com.pl\/en\/services\/","og_site_name":"TopTen Sp. z o.o.","article_modified_time":"2024-03-26T11:49:48+00:00","twitter_card":"summary_large_image","twitter_misc":{"Est. reading time":"2 minutes"},"schema":{"@context":"https:\/\/schema.org","@graph":[{"@type":"WebPage","@id":"https:\/\/top-ten.com.pl\/en\/services\/","url":"https:\/\/top-ten.com.pl\/en\/services\/","name":"Konfekcjonowanie oku\u0107 meblowych - Top Ten Sp. z o.o","isPartOf":{"@id":"https:\/\/top-ten.com.pl\/en\/#website"},"datePublished":"2020-11-29T07:00:05+00:00","dateModified":"2024-03-26T11:49:48+00:00","description":"Pakowanie i konfekcjonowanie oku\u0107 meblowych. Nasz\u0105 specjalno\u015bci\u0105 jest przygotowywanie gotowych zestaw\u00f3w oku\u0107 do mebli demontowanych.","breadcrumb":{"@id":"https:\/\/top-ten.com.pl\/en\/services\/#breadcrumb"},"inLanguage":"en-US","potentialAction":[{"@type":"ReadAction","target":["https:\/\/top-ten.com.pl\/en\/services\/"]}]},{"@type":"BreadcrumbList","@id":"https:\/\/top-ten.com.pl\/en\/services\/#breadcrumb","itemListElement":[{"@type":"ListItem","position":1,"name":"Strona g\u0142\u00f3wna","item":"https:\/\/top-ten.com.pl\/en\/"},{"@type":"ListItem","position":2,"name":"Services"}]},{"@type":"WebSite","@id":"https:\/\/top-ten.com.pl\/en\/#website","url":"https:\/\/top-ten.com.pl\/en\/","name":"TopTen Sp. z o.o.","description":"","potentialAction":[{"@type":"SearchAction","target":{"@type":"EntryPoint","urlTemplate":"https:\/\/top-ten.com.pl\/en\/?s={search_term_string}"},"query-input":{"@type":"PropertyValueSpecification","valueRequired":true,"valueName":"search_term_string"}}],"inLanguage":"en-US"}]}},"_links":{"self":[{"href":"https:\/\/top-ten.com.pl\/en\/wp-json\/wp\/v2\/pages\/1548","targetHints":{"allow":["GET"]}}],"collection":[{"href":"https:\/\/top-ten.com.pl\/en\/wp-json\/wp\/v2\/pages"}],"about":[{"href":"https:\/\/top-ten.com.pl\/en\/wp-json\/wp\/v2\/types\/page"}],"author":[{"embeddable":true,"href":"https:\/\/top-ten.com.pl\/en\/wp-json\/wp\/v2\/users\/1"}],"replies":[{"embeddable":true,"href":"https:\/\/top-ten.com.pl\/en\/wp-json\/wp\/v2\/comments?post=1548"}],"version-history":[{"count":1,"href":"https:\/\/top-ten.com.pl\/en\/wp-json\/wp\/v2\/pages\/1548\/revisions"}],"predecessor-version":[{"id":1851,"href":"https:\/\/top-ten.com.pl\/en\/wp-json\/wp\/v2\/pages\/1548\/revisions\/1851"}],"wp:attachment":[{"href":"https:\/\/top-ten.com.pl\/en\/wp-json\/wp\/v2\/media?parent=1548"}],"curies":[{"name":"wp","href":"https:\/\/api.w.org\/{rel}","templated":true}]}}